{"id":2534,"date":"2025-08-29T14:46:08","date_gmt":"2025-08-29T14:46:08","guid":{"rendered":"https:\/\/www.praktijkdecirkelrond.nl\/2012\/?page_id=2534"},"modified":"2025-11-19T13:36:18","modified_gmt":"2025-11-19T13:36:18","slug":"essentials-doterra","status":"publish","type":"page","link":"https:\/\/www.praktijkdecirkelrond.nl\/2012\/essentials-doterra\/","title":{"rendered":"ESSENTIALS &#8211; D\u014cTERRA"},"content":{"rendered":"<p><strong style=\"color: #993300;\"><a href=\"https:\/\/www.praktijkdecirkelrond.nl\/2012\/wp-content\/uploads\/2025\/08\/noet-olie.jpg\"><br \/>\n<img loading=\"lazy\" class=\"size-medium wp-image-2540 alignright\" src=\"https:\/\/www.praktijkdecirkelrond.nl\/2012\/wp-content\/uploads\/2025\/08\/noet-olie-189x300.jpg\" alt=\"\" width=\"189\" height=\"300\" srcset=\"https:\/\/www.praktijkdecirkelrond.nl\/2012\/wp-content\/uploads\/2025\/08\/noet-olie-189x300.jpg 189w, https:\/\/www.praktijkdecirkelrond.nl\/2012\/wp-content\/uploads\/2025\/08\/noet-olie-644x1025.jpg 644w, https:\/\/www.praktijkdecirkelrond.nl\/2012\/wp-content\/uploads\/2025\/08\/noet-olie-768x1222.jpg 768w, https:\/\/www.praktijkdecirkelrond.nl\/2012\/wp-content\/uploads\/2025\/08\/noet-olie-965x1536.jpg 965w, https:\/\/www.praktijkdecirkelrond.nl\/2012\/wp-content\/uploads\/2025\/08\/noet-olie-880x1400.jpg 880w, https:\/\/www.praktijkdecirkelrond.nl\/2012\/wp-content\/uploads\/2025\/08\/noet-olie.jpg 968w\" sizes=\"(max-width: 189px) 100vw, 189px\" \/><\/a><\/strong><\/p>\n<p><span style=\"color: #800000;\"><strong>NIEUW: Workshop op maat!<\/strong><\/span><br \/>\n<em><strong>Ontmoet de essentie van \u2018essenti\u00eble\u2019 olie\u00ebn \u2013<br \/>\n\u2018We proberen samen uit\u2019 \u2013 Interactieve workshop.<br \/>\n15 januari (16-18.30 uur)<br \/>\n9 februari (15.30 \u2013 18 uur)<br \/>\n5 maart ( 15.30-18 uur)<br \/>\nGorssel<\/strong><\/em><\/p>\n<p><strong style=\"color: #993300;\">D\u014cTERRA<a href=\"https:\/\/www.praktijkdecirkelrond.nl\/2012\/wp-content\/uploads\/2025\/08\/noet-olie.jpg\"><br \/>\n<\/a><\/strong><\/p>\n<p><span style=\"color: #993300;\">Deze branche in essenti\u00eble oli\u00ebn is in 2008 opgericht door een groep van professionals uit de gezondheidszorg en het bedrijfsleven, en heeft als doel de wereld de meest pure, krachtige en effectieve essenti\u00eble oli\u00ebn ter wereld te geven.<\/span><\/p>\n<p>De missie bij d\u014dTERRA is om de wereld te helpen helen door gebruik te maken van de kracht van mensen en zuivere intenties. Elke actie en elke keuze die we maken, komt voort uit pure liefde voor de mensheid. We hebben ons bedrijf ontwikkeld om levens te verbeteren, gemeenschappen over de hele wereld te voeden en mensen een doel te geven door middel van wellness en de kans op een betere toekomst.<br \/>\n<strong><br \/>\nDe wetenschap achter essenti\u00eble oli\u00ebn<\/strong><\/p>\n<p>Wanneer je het woord &#8216;vluchtig&#8217; hoort, denk je misschien dat het iets negatiefs is. Maar in het geval van essenti\u00eble oli\u00ebn refereert vluchtigheid aan de eigenschap van een substantie om snel van staat te veranderen. De chemische samenstelling van vluchtige aromatische componenten in essenti\u00eble oli\u00ebn zorgt ervoor dat ze snel kunnen oplossen in de lucht. Daarom kun je het arom van een essenti\u00eble olie al herkennen zodra je het flesje opent, zelfs van een afstandje.<\/p>\n<p><strong>Hoe werken essenti\u00eble oli\u00ebn?<\/strong><\/p>\n<p>Wanneer vluchtige, aromatische componenten snel door de lucht verplaatsen, ruik je de geur bijna meteen. Tot nu toe zijn er meer dan 3000 soorten vluchtige, aromatische componenten ontdekt, en het is belangrijk om te weten dat deze componenten een grote invloed hebben op het voordeel, aroma en de aard van elke essenti\u00eble oli\u00eb. Vanwege de unieke chemische samenstelling varieert elke essenti\u00eble olie van soort tot soort, en zelfs van plant tot plant. De delicate verhouding van aromatische componenten in een bepaalde essenti\u00eble olie maakt de olie uniek en geeft het zijn specifieke voordelen.<\/p>\n<p><strong><a href=\"https:\/\/www.praktijkdecirkelrond.nl\/2012\/wp-content\/uploads\/2025\/08\/olie-foto.jpg\"><img loading=\"lazy\" class=\"size-medium wp-image-2541 alignleft\" src=\"https:\/\/www.praktijkdecirkelrond.nl\/2012\/wp-content\/uploads\/2025\/08\/olie-foto-208x300.jpg\" alt=\"\" width=\"208\" height=\"300\" srcset=\"https:\/\/www.praktijkdecirkelrond.nl\/2012\/wp-content\/uploads\/2025\/08\/olie-foto-208x300.jpg 208w, https:\/\/www.praktijkdecirkelrond.nl\/2012\/wp-content\/uploads\/2025\/08\/olie-foto.jpg 444w\" sizes=\"(max-width: 208px) 100vw, 208px\" \/><\/a>Essenti\u00eble oli\u00ebn zijn geen nieuwe trend<\/strong><\/p>\n<p>Hoewel sommige mensen denken dat essenti\u00eble oli\u00ebn een nieuwe trend zijn, is het gebruik van plantenextracten en plantaardige producten diep geworteld in oude tradities. Oude beschavingen gebruikten al planten voor aromatherapie, persoonlijke verzorging, gezondheidszorg, religieuze ceremonies, schoonheidsbehandeling en voedselbereiding.<\/p>\n<p><strong>Hoe werden essenti\u00eble oli\u00ebn in het verleden gebruikt?<\/strong><\/p>\n<p>Essenti\u00eble oli\u00ebn zijn geen hype, maar juist een lange traditie die eeuwen geleden al is begonnen in beschavingen over de hele wereld.<\/p>\n<p><span style=\"color: #993300;\"><strong>Mijn verhaal:<br \/>\n<\/strong><\/span>Ik ben al heel lang met essenti\u00eble oli\u00ebn bezig. In massages gebruik ik al langere tijd essentials.<br \/>\nNu sinds een jaar ben ik actief aangesloten bij d\u014dTERRA, omdat ik de puurheid, hun essentie en kwaliteit ook \u00e9cht opmerk. Her vervult mijn leven in passie, in zintuigelijke opmerkzaamheid \u00e9n vooral in mijn lichamelijke en psychische welzijn. En zoals alles wat ik toepas en waar ik voor sta gaat het over &#8216;Zelfzorg&#8217;&#8230;..<br \/>\nIn mijn praktijk help ik je graag verder met je keuze in de olietjes met jouw wensen, verlangens en wat jij nodig hebt om jouw Zelfzorg Plan optimaal te laten zijn.<br \/>\nJe kunt bij mij een afspraak maken dat we er samen naar kijken. Deze afspraak kun je bij mij op de praktijk maken of ik kan bij jou thuis komen.<br \/>\nN.B. afspraken en sessies worden vergoed door je aanvullende verzekering.<\/p>\n<p>Leven met essenti\u00eble oli\u00ebn is net als bij de Sch\u00fcssler Celzouten en de Bach Bloesems een verzorgende aspect in jouw Zelfzorg pakket.<br \/>\nMaak een vrijblijvende afspraak: Anoushka Ebbinge: 06-12237824<\/p>\n","protected":false},"excerpt":{"rendered":"<p>NIEUW: Workshop op maat! Ontmoet de essentie van \u2018essenti\u00eble\u2019 olie\u00ebn \u2013 \u2018We proberen samen uit\u2019 \u2013 Interactieve workshop. 15 januari (16-18.30 uur) 9 februari (15.30 \u2013 18 uur) 5 maart ( 15.30-18 uur) Gorssel D\u014cTERRA Deze branche in essenti\u00eble oli\u00ebn is in 2008 opgericht door een groep van professionals uit de gezondheidszorg en het bedrijfsleven, [&hellip;]<\/p>\n","protected":false},"author":2,"featured_media":0,"parent":0,"menu_order":0,"comment_status":"closed","ping_status":"closed","template":"","meta":{"_monsterinsights_skip_tracking":false,"_monsterinsights_sitenote_active":false,"_monsterinsights_sitenote_note":"","_monsterinsights_sitenote_category":0},"_links":{"self":[{"href":"https:\/\/www.praktijkdecirkelrond.nl\/2012\/wp-json\/wp\/v2\/pages\/2534"}],"collection":[{"href":"https:\/\/www.praktijkdecirkelrond.nl\/2012\/wp-json\/wp\/v2\/pages"}],"about":[{"href":"https:\/\/www.praktijkdecirkelrond.nl\/2012\/wp-json\/wp\/v2\/types\/page"}],"author":[{"embeddable":true,"href":"https:\/\/www.praktijkdecirkelrond.nl\/2012\/wp-json\/wp\/v2\/users\/2"}],"replies":[{"embeddable":true,"href":"https:\/\/www.praktijkdecirkelrond.nl\/2012\/wp-json\/wp\/v2\/comments?post=2534"}],"version-history":[{"count":9,"href":"https:\/\/www.praktijkdecirkelrond.nl\/2012\/wp-json\/wp\/v2\/pages\/2534\/revisions"}],"predecessor-version":[{"id":2565,"href":"https:\/\/www.praktijkdecirkelrond.nl\/2012\/wp-json\/wp\/v2\/pages\/2534\/revisions\/2565"}],"wp:attachment":[{"href":"https:\/\/www.praktijkdecirkelrond.nl\/2012\/wp-json\/wp\/v2\/media?parent=2534"}],"curies":[{"name":"wp","href":"https:\/\/api.w.org\/{rel}","templated":true}]}}