{"id":932,"date":"2015-06-24T09:41:51","date_gmt":"2015-06-24T09:41:51","guid":{"rendered":"http:\/\/www.praktijkdecirkelrond.nl\/2012\/?page_id=932"},"modified":"2026-03-24T18:39:29","modified_gmt":"2026-03-24T18:39:29","slug":"bach-bloesem-remedie-cursussen","status":"publish","type":"page","link":"https:\/\/www.praktijkdecirkelrond.nl\/2012\/bach-bloesem-remedie-cursussen\/","title":{"rendered":"Bach Bloesem Remedies"},"content":{"rendered":"<h3>Bach Bloesem Remedies<br \/>\n<em>&#8220;Haal het beste uit jeZelf&#8221;&#8230;&#8230;<\/em><\/h3>\n<p><span style=\"color: #008000;\"><span style=\"caret-color: #008000;\"><b>N.B. Ik ben officieel Bach Trainer via TS Health Academy<br \/>\n<strong><em><br \/>\nBach Bloesem Remedie cursus, nivo 1<br \/>\n2 dagen online en 1 praktijkdag<br \/>\n(10 en 24 juli online en in oktober 2026 een praktijkdag)<br \/>\n<\/em>(21 en 22 juli LIVE-Zomer editie)<br \/>\n<\/strong><\/b><\/span><\/span><span style=\"color: #008000;\"><span style=\"caret-color: #008000;\"><b><strong><br \/>\nn.b. dit zijn \u2018geaccrediteerde\u2019 cursussen.<\/strong><br \/>\n<\/b><\/span><\/span><\/p>\n<p><strong><a href=\"https:\/\/www.praktijkdecirkelrond.nl\/2012\/wp-content\/uploads\/2014\/04\/resqueremedie.jpg\"><img loading=\"lazy\" class=\"alignright wp-image-576\" src=\"https:\/\/www.praktijkdecirkelrond.nl\/2012\/wp-content\/uploads\/2014\/04\/resqueremedie.jpg\" alt=\"resqueremedie.jpg\" width=\"211\" height=\"211\" srcset=\"https:\/\/www.praktijkdecirkelrond.nl\/2012\/wp-content\/uploads\/2014\/04\/resqueremedie.jpg 300w, https:\/\/www.praktijkdecirkelrond.nl\/2012\/wp-content\/uploads\/2014\/04\/resqueremedie-150x150.jpg 150w, https:\/\/www.praktijkdecirkelrond.nl\/2012\/wp-content\/uploads\/2014\/04\/resqueremedie-125x125.jpg 125w\" sizes=\"(max-width: 211px) 100vw, 211px\" \/><\/a><\/strong><\/p>\n<p>Het Bach systeem kent 38 remedies. Die zijn in de jaren twintig en dertig van de vorige eeuw allemaal ontdekt door dr. Edward Bach, een bekend bacterioloog, arts en patholoog. Elk van deze remedies hoort bij een fundamentele menselijke emotie.<br \/>\nWaar Dr. Bach eigenlijk naar op zoek was, waren remedies die zuiverder waren en minder afhankelijk van ziekteproducten. Hij begon met het verzamelen van planten, en dan in het bijzonder de bloesem, als het verst ontwikkelde deel van de plant. Hij hoopte daarin iets te vinden voor een mildere bloesem.<br \/>\nDeze remedies waren stuk voor stuk gericht op een andere geestes- of gemoedstoestand. Het bleek hem dat als hij zijn pati\u00ebnten behandelde als de persoon die ze waren, met al hun gevoelens, hun geestelijke en lichamelijke klachten langs natuurlijke weg werden verlicht. Het geneeskrachtige potentieel in hun eigen lichaam was gedeblokkeerd en mocht zijn werking weer tentoonspreiden.<br \/>\nDe remedies haken in op &#8216;ondersgesneeuwde&#8217; delen in onszelf, om zo weer als kwaliteit ingenomen te kunnen worden.<\/p>\n<p>In een consult bij\u00a0<strong>Praktijk de Cirkel Rond<\/strong> gaan we samen in gesprek en vertalen jouw verhaal in de Bloesem remedies die zich laten zien. Tijdens het consult wordt helder waar \u00a0jouw volgende stap over gaat \u00e9n waarin de remedies jouw kunnen ondersteunen. Het is een ontmoeting met een bijzonder &#8216;spiritueel&#8217; karakter.<\/p>\n<p>Lees het<span style=\"color: #008000;\">\u00a0<a style=\"color: #008000;\" href=\"https:\/\/www.praktijkdecirkelrond.nl\/2012\/wp-content\/uploads\/2012\/02\/Praktijk-De-Cirkel-Rond_Fit.pdf\">persbericht<\/a>\u00a0<\/span>over mijn praktijk en Bach Bloesem remedies.\u00a0Neem gerust\u00a0<a title=\"Contact\" href=\"https:\/\/www.praktijkdecirkelrond.nl\/2012\/contact\/\"><span style=\"color: #008000;\">contact<\/span><\/a>\u00a0op met de praktijk en vraag naar de mogelijkheden.<\/p>\n<p>N.B. Er wordt wel eens gezegd dat je in het leven zowel <strong>leerling<\/strong> als <strong>leraar<\/strong> mag zijn.<br \/>\nIk voel me z\u00e9\u00e9r bevoorrecht dat ik \u00f3\u00f3k leraar mag zijn in de Bach Bloesem Remedies. Voor diverse opleidingscentra mag ik studenten meenemen in de wereld van deze wonderbaarlijke middelen. In deze merk ik dat mijn therapeutschap verdiept wordt doordat ik \u00f3\u00f3k mag &#8216;overdragen&#8217;.<\/p>\n","protected":false},"excerpt":{"rendered":"<p>Bach Bloesem Remedies &#8220;Haal het beste uit jeZelf&#8221;&#8230;&#8230; N.B. Ik ben officieel Bach Trainer via TS Health Academy Bach Bloesem Remedie cursus, nivo 1 2 dagen online en 1 praktijkdag (10 en 24 juli online en in oktober 2026 een praktijkdag) (21 en 22 juli LIVE-Zomer editie) n.b. dit zijn \u2018geaccrediteerde\u2019 cursussen. Het Bach systeem [&hellip;]<\/p>\n","protected":false},"author":3,"featured_media":0,"parent":0,"menu_order":0,"comment_status":"closed","ping_status":"closed","template":"template-page-fullwidth.php","meta":{"_monsterinsights_skip_tracking":false,"_monsterinsights_sitenote_active":false,"_monsterinsights_sitenote_note":"","_monsterinsights_sitenote_category":0},"_links":{"self":[{"href":"https:\/\/www.praktijkdecirkelrond.nl\/2012\/wp-json\/wp\/v2\/pages\/932"}],"collection":[{"href":"https:\/\/www.praktijkdecirkelrond.nl\/2012\/wp-json\/wp\/v2\/pages"}],"about":[{"href":"https:\/\/www.praktijkdecirkelrond.nl\/2012\/wp-json\/wp\/v2\/types\/page"}],"author":[{"embeddable":true,"href":"https:\/\/www.praktijkdecirkelrond.nl\/2012\/wp-json\/wp\/v2\/users\/3"}],"replies":[{"embeddable":true,"href":"https:\/\/www.praktijkdecirkelrond.nl\/2012\/wp-json\/wp\/v2\/comments?post=932"}],"version-history":[{"count":36,"href":"https:\/\/www.praktijkdecirkelrond.nl\/2012\/wp-json\/wp\/v2\/pages\/932\/revisions"}],"predecessor-version":[{"id":2588,"href":"https:\/\/www.praktijkdecirkelrond.nl\/2012\/wp-json\/wp\/v2\/pages\/932\/revisions\/2588"}],"wp:attachment":[{"href":"https:\/\/www.praktijkdecirkelrond.nl\/2012\/wp-json\/wp\/v2\/media?parent=932"}],"curies":[{"name":"wp","href":"https:\/\/api.w.org\/{rel}","templated":true}]}}